{"id":604,"date":"2025-08-28T00:15:11","date_gmt":"2025-08-28T03:15:11","guid":{"rendered":"http:\/\/s788992539.onlinehome.us\/forlatamfoundation\/?page_id=604"},"modified":"2025-08-28T00:29:37","modified_gmt":"2025-08-28T03:29:37","slug":"fundacion-centro-union","status":"publish","type":"page","link":"https:\/\/www.forlatamfoundation.org\/en\/fundacion-centro-union\/","title":{"rendered":"Fundaci\u00f3n Centro Uni\u00f3n Israelita"},"content":{"rendered":"<div data-elementor-type=\"wp-page\" data-elementor-id=\"604\" class=\"elementor elementor-604\">\n\t\t\t\t<div class=\"elementor-element elementor-element-d74bb07 e-con-full e-flex e-con e-parent\" data-id=\"d74bb07\" data-element_type=\"container\" data-settings=\"{&quot;background_background&quot;:&quot;classic&quot;}\">\n\t\t\t\t<div class=\"elementor-element elementor-element-9835640 elementor-widget elementor-widget-image\" data-id=\"9835640\" data-element_type=\"widget\" data-widget_type=\"image.default\">\n\t\t\t\t\t\t\t\t\t\t\t\t\t\t\t<img fetchpriority=\"high\" decoding=\"async\" width=\"950\" height=\"950\" src=\"https:\/\/www.forlatamfoundation.org\/wp-content\/uploads\/2025\/08\/CentroUnion.png\" class=\"attachment-large size-large wp-image-598\" alt=\"\" srcset=\"https:\/\/www.forlatamfoundation.org\/wp-content\/uploads\/2025\/08\/CentroUnion.png 950w, https:\/\/www.forlatamfoundation.org\/wp-content\/uploads\/2025\/08\/CentroUnion-300x300.png 300w, https:\/\/www.forlatamfoundation.org\/wp-content\/uploads\/2025\/08\/CentroUnion-150x150.png 150w, https:\/\/www.forlatamfoundation.org\/wp-content\/uploads\/2025\/08\/CentroUnion-768x768.png 768w\" sizes=\"(max-width: 950px) 100vw, 950px\" \/>\t\t\t\t\t\t\t\t\t\t\t\t\t\t\t<\/div>\n\t\t\t\t<\/div>\n\t\t<div class=\"elementor-element elementor-element-76ce52d e-flex e-con-boxed e-con e-parent\" data-id=\"76ce52d\" data-element_type=\"container\" data-settings=\"{&quot;background_background&quot;:&quot;classic&quot;}\">\n\t\t\t\t\t<div class=\"e-con-inner\">\n\t\t\t\t<div class=\"elementor-element elementor-element-4548e8e elementor-widget__width-auto elementor-widget elementor-widget-heading\" data-id=\"4548e8e\" data-element_type=\"widget\" data-widget_type=\"heading.default\">\n\t\t\t\t\t<h2 class=\"elementor-heading-title elementor-size-default\">Centro Union Israelita<\/h2>\t\t\t\t<\/div>\n\t\t\t\t<div class=\"elementor-element elementor-element-703537a elementor-align-center elementor-widget__width-inherit elementor-widget elementor-widget-button\" data-id=\"703537a\" data-element_type=\"widget\" data-widget_type=\"button.default\">\n\t\t\t\t\t\t\t\t\t\t<a class=\"elementor-button elementor-button-link elementor-size-sm\" href=\"https:\/\/www.forlatamfoundation.org\/en\/donate-centro-union\/\">\n\t\t\t\t\t\t<span class=\"elementor-button-content-wrapper\">\n\t\t\t\t\t\t\t\t\t<span class=\"elementor-button-text\">DONATE<\/span>\n\t\t\t\t\t<\/span>\n\t\t\t\t\t<\/a>\n\t\t\t\t\t\t\t\t<\/div>\n\t\t\t\t\t<\/div>\n\t\t\t\t<\/div>\n\t\t<div class=\"elementor-element elementor-element-e76b2ed e-flex e-con-boxed e-con e-parent\" data-id=\"e76b2ed\" data-element_type=\"container\">\n\t\t\t\t\t<div class=\"e-con-inner\">\n\t\t\t\t<div class=\"elementor-element elementor-element-8f3a685 elementor-widget__width-initial elementor-widget elementor-widget-text-editor\" data-id=\"8f3a685\" data-element_type=\"widget\" data-widget_type=\"text-editor.default\">\n\t\t\t\t\t\t\t\t\t<p>The <strong>Centro Uni\u00f3n Israelita (CUI)<\/strong> Cordoba is a jewish community Masort\u00ed, equitable and inclusive, which since 1915 accompanies the jewish families of the city in the transcendent moments of the cycle of life. With close to 2,000 members, is one of the jewish communities largest in the country.<\/p><p>\u00a0<\/p><p>Its purpose is to create jewish experiences that are meaningful for the community of C\u00f3rdoba, from a perspective Masort\u00ed and pluralistic, strengthening the link with Israel, promoting the education, spiritual growth, cultural, religious, and promoting the Tzedakah (social justice) and Tikun Olam (repair the world).<\/p><p>\u00a0<\/p><p>Through the Israelite School Comprehensive General San Mart\u00edn, the Temple of Beit Israel, the recently opened Temple Beit Midrash Ierushalaim, the Aleph Cultural Space and various community activities, the CUI offers spaces of containment and engagement, which enables each member to feel part of a collective narrative, honoring the jewish heritage and embracing the future.<\/p><p>\u00a0<\/p><p>Your collaboration is fundamental so that more children and young people can gain access to a jewish education quality, as well as strengthening community ties and to build together a future full of meaning and belonging.<\/p>\t\t\t\t\t\t\t\t<\/div>\n\t\t\t\t<div class=\"elementor-element elementor-element-8081c4d elementor-align-center elementor-widget__width-inherit elementor-widget elementor-widget-button\" data-id=\"8081c4d\" data-element_type=\"widget\" data-widget_type=\"button.default\">\n\t\t\t\t\t\t\t\t\t\t<a class=\"elementor-button elementor-button-link elementor-size-sm\" href=\"https:\/\/www.forlatamfoundation.org\/en\/donate-centro-union\/\">\n\t\t\t\t\t\t<span class=\"elementor-button-content-wrapper\">\n\t\t\t\t\t\t\t\t\t<span class=\"elementor-button-text\">DONATE<\/span>\n\t\t\t\t\t<\/span>\n\t\t\t\t\t<\/a>\n\t\t\t\t\t\t\t\t<\/div>\n\t\t\t\t\t<\/div>\n\t\t\t\t<\/div>\n\t\t\t\t<\/div>","protected":false},"excerpt":{"rendered":"<p>Centro Uni\u00f3n Israelita DONAR El Centro Uni\u00f3n Israelita (CUI) de C\u00f3rdoba es una comunidad jud\u00eda Masort\u00ed, igualitaria e inclusiva, que [&hellip;]<\/p>","protected":false},"author":1,"featured_media":0,"parent":0,"menu_order":0,"comment_status":"closed","ping_status":"closed","template":"","meta":{"site-sidebar-layout":"no-sidebar","site-content-layout":"","ast-site-content-layout":"full-width-container","site-content-style":"default","site-sidebar-style":"default","ast-global-header-display":"","ast-banner-title-visibility":"","ast-main-header-display":"","ast-hfb-above-header-display":"","ast-hfb-below-header-display":"","ast-hfb-mobile-header-display":"","site-post-title":"disabled","ast-breadcrumbs-content":"","ast-featured-img":"disabled","footer-sml-layout":"","theme-transparent-header-meta":"","adv-header-id-meta":"","stick-header-meta":"","header-above-stick-meta":"","header-main-stick-meta":"","header-below-stick-meta":"","astra-migrate-meta-layouts":"default","ast-page-background-enabled":"default","ast-page-background-meta":{"desktop":{"background-color":"var(--ast-global-color-5)","background-image":"","background-repeat":"repeat","background-position":"center center","background-size":"auto","background-attachment":"scroll","background-type":"","background-media":"","overlay-type":"","overlay-color":"","overlay-opacity":"","overlay-gradient":""},"tablet":{"background-color":"","background-image":"","background-repeat":"repeat","background-position":"center center","background-size":"auto","background-attachment":"scroll","background-type":"","background-media":"","overlay-type":"","overlay-color":"","overlay-opacity":"","overlay-gradient":""},"mobile":{"background-color":"","background-image":"","background-repeat":"repeat","background-position":"center center","background-size":"auto","background-attachment":"scroll","background-type":"","background-media":"","overlay-type":"","overlay-color":"","overlay-opacity":"","overlay-gradient":""}},"ast-content-background-meta":{"desktop":{"background-color":"var(--ast-global-color-4)","background-image":"","background-repeat":"repeat","background-position":"center center","background-size":"auto","background-attachment":"scroll","background-type":"","background-media":"","overlay-type":"","overlay-color":"","overlay-opacity":"","overlay-gradient":""},"tablet":{"background-color":"var(--ast-global-color-4)","background-image":"","background-repeat":"repeat","background-position":"center center","background-size":"auto","background-attachment":"scroll","background-type":"","background-media":"","overlay-type":"","overlay-color":"","overlay-opacity":"","overlay-gradient":""},"mobile":{"background-color":"var(--ast-global-color-4)","background-image":"","background-repeat":"repeat","background-position":"center center","background-size":"auto","background-attachment":"scroll","background-type":"","background-media":"","overlay-type":"","overlay-color":"","overlay-opacity":"","overlay-gradient":""}},"footnotes":""},"class_list":["post-604","page","type-page","status-publish","hentry"],"_links":{"self":[{"href":"https:\/\/www.forlatamfoundation.org\/en\/wp-json\/wp\/v2\/pages\/604","targetHints":{"allow":["GET"]}}],"collection":[{"href":"https:\/\/www.forlatamfoundation.org\/en\/wp-json\/wp\/v2\/pages"}],"about":[{"href":"https:\/\/www.forlatamfoundation.org\/en\/wp-json\/wp\/v2\/types\/page"}],"author":[{"embeddable":true,"href":"https:\/\/www.forlatamfoundation.org\/en\/wp-json\/wp\/v2\/users\/1"}],"replies":[{"embeddable":true,"href":"https:\/\/www.forlatamfoundation.org\/en\/wp-json\/wp\/v2\/comments?post=604"}],"version-history":[{"count":4,"href":"https:\/\/www.forlatamfoundation.org\/en\/wp-json\/wp\/v2\/pages\/604\/revisions"}],"predecessor-version":[{"id":622,"href":"https:\/\/www.forlatamfoundation.org\/en\/wp-json\/wp\/v2\/pages\/604\/revisions\/622"}],"wp:attachment":[{"href":"https:\/\/www.forlatamfoundation.org\/en\/wp-json\/wp\/v2\/media?parent=604"}],"curies":[{"name":"wp","href":"https:\/\/api.w.org\/{rel}","templated":true}]}}