{"id":510,"date":"2025-08-27T15:25:52","date_gmt":"2025-08-27T18:25:52","guid":{"rendered":"http:\/\/s788992539.onlinehome.us\/forlatamfoundation\/?page_id=510"},"modified":"2025-08-27T15:56:43","modified_gmt":"2025-08-27T18:56:43","slug":"fundacion-manu-ginobili","status":"publish","type":"page","link":"https:\/\/www.forlatamfoundation.org\/en\/fundacion-manu-ginobili\/","title":{"rendered":"Manu Ginobili Foundation"},"content":{"rendered":"<div data-elementor-type=\"wp-page\" data-elementor-id=\"510\" class=\"elementor elementor-510\">\n\t\t\t\t<div class=\"elementor-element elementor-element-d74bb07 e-con-full e-flex e-con e-parent\" data-id=\"d74bb07\" data-element_type=\"container\" data-settings=\"{&quot;background_background&quot;:&quot;classic&quot;}\">\n\t\t\t\t<div class=\"elementor-element elementor-element-9835640 elementor-widget elementor-widget-image\" data-id=\"9835640\" data-element_type=\"widget\" data-widget_type=\"image.default\">\n\t\t\t\t\t\t\t\t\t\t\t\t\t\t\t<img fetchpriority=\"high\" decoding=\"async\" width=\"600\" height=\"600\" src=\"https:\/\/www.forlatamfoundation.org\/wp-content\/uploads\/2025\/08\/FundacionManu.png\" class=\"attachment-large size-large wp-image-353\" alt=\"\" srcset=\"https:\/\/www.forlatamfoundation.org\/wp-content\/uploads\/2025\/08\/FundacionManu.png 600w, https:\/\/www.forlatamfoundation.org\/wp-content\/uploads\/2025\/08\/FundacionManu-300x300.png 300w, https:\/\/www.forlatamfoundation.org\/wp-content\/uploads\/2025\/08\/FundacionManu-150x150.png 150w\" sizes=\"(max-width: 600px) 100vw, 600px\" \/>\t\t\t\t\t\t\t\t\t\t\t\t\t\t\t<\/div>\n\t\t\t\t<\/div>\n\t\t<div class=\"elementor-element elementor-element-76ce52d e-flex e-con-boxed e-con e-parent\" data-id=\"76ce52d\" data-element_type=\"container\" data-settings=\"{&quot;background_background&quot;:&quot;classic&quot;}\">\n\t\t\t\t\t<div class=\"e-con-inner\">\n\t\t\t\t<div class=\"elementor-element elementor-element-4548e8e elementor-widget__width-auto elementor-widget elementor-widget-heading\" data-id=\"4548e8e\" data-element_type=\"widget\" data-widget_type=\"heading.default\">\n\t\t\t\t\t<h2 class=\"elementor-heading-title elementor-size-default translation-block\">Manu Ginobili<br class=\"mobile-hidden\">\nFoundation<\/h2>\t\t\t\t<\/div>\n\t\t\t\t<div class=\"elementor-element elementor-element-703537a elementor-align-center elementor-widget__width-inherit elementor-widget elementor-widget-button\" data-id=\"703537a\" data-element_type=\"widget\" data-widget_type=\"button.default\">\n\t\t\t\t\t\t\t\t\t\t<a class=\"elementor-button elementor-button-link elementor-size-sm\" href=\"https:\/\/www.forlatamfoundation.org\/en\/donate-manu-ginobili\/\">\n\t\t\t\t\t\t<span class=\"elementor-button-content-wrapper\">\n\t\t\t\t\t\t\t\t\t<span class=\"elementor-button-text\">DONATE<\/span>\n\t\t\t\t\t<\/span>\n\t\t\t\t\t<\/a>\n\t\t\t\t\t\t\t\t<\/div>\n\t\t\t\t\t<\/div>\n\t\t\t\t<\/div>\n\t\t<div class=\"elementor-element elementor-element-e76b2ed e-flex e-con-boxed e-con e-parent\" data-id=\"e76b2ed\" data-element_type=\"container\">\n\t\t\t\t\t<div class=\"e-con-inner\">\n\t\t\t\t<div class=\"elementor-element elementor-element-8f3a685 elementor-widget__width-initial elementor-widget elementor-widget-text-editor\" data-id=\"8f3a685\" data-element_type=\"widget\" data-widget_type=\"text-editor.default\">\n\t\t\t\t\t\t\t\t\t<p class=\"first-p\"><strong>The Foundation \u201cManu Ginobili\u201d<\/strong> is a non-profit organisation created in 2004. Has done various activities over time, as charity events to promote the sport, helped continuously to food pantries with food and other items (such as clothes, shoes, etc). Also donated equipment to public hospitals in issues made with neonatology, etc<\/p><div class=\"second-p desplegado\"><p>\u00a0<\/p><p>The Foundation's headquarters is the city of Bah\u00eda Blanca, hit by a terrible storm which has left destruide hundreds of houses without electricity or drinking water.<\/p><p>\u00a0<\/p><p>At this time, a group of leading sports and cultural bahienses joined together to carry on a campaign of solidarity for those affected. Among them are Manu Ginobili, Pepe Sanchez, Lautaro Mart\u00ednez, Germ\u00e1n Pezzella, Abel Pintos, Augustine \u201cRada\u201d Aristar\u00e1n, Gast\u00f3n Duprat, Alejandro Montecchia, the brothers Guido and Catalina Pella, Valentina Costa Biondi, Rodrigo Palacio, Santiago Alvarez Fourcade and Paula Eyheraguibel. The campaign is known as #FuerzaBah\u00eda.<\/p><p>\u00a0<\/p><p>Through their actions, seek to be the bridge to channel and manage donations that they try to alleviate in some way the needs urgent and fundamental of those affected by the storm.<\/p><p>\u00a0<\/p><p>100 % of proceeds will go to those affected by the storm.<\/p><\/div>\t\t\t\t\t\t\t\t<\/div>\n\t\t\t\t<div class=\"elementor-element elementor-element-8081c4d elementor-align-center elementor-widget__width-inherit elementor-widget elementor-widget-button\" data-id=\"8081c4d\" data-element_type=\"widget\" data-widget_type=\"button.default\">\n\t\t\t\t\t\t\t\t\t\t<a class=\"elementor-button elementor-button-link elementor-size-sm\" href=\"https:\/\/www.forlatamfoundation.org\/en\/donate-manu-ginobili\/\">\n\t\t\t\t\t\t<span class=\"elementor-button-content-wrapper\">\n\t\t\t\t\t\t\t\t\t<span class=\"elementor-button-text\">DONATE<\/span>\n\t\t\t\t\t<\/span>\n\t\t\t\t\t<\/a>\n\t\t\t\t\t\t\t\t<\/div>\n\t\t\t\t\t<\/div>\n\t\t\t\t<\/div>\n\t\t\t\t<\/div>","protected":false},"excerpt":{"rendered":"<p>Fundaci\u00f3n Manu Gin\u00f3bili DONAR La Fundaci\u00f3n \u201cManu Gin\u00f3bili\u201d es una organizaci\u00f3n sin fin de lucro creada en 2004. Ha hecho [&hellip;]<\/p>","protected":false},"author":1,"featured_media":0,"parent":0,"menu_order":0,"comment_status":"closed","ping_status":"closed","template":"","meta":{"site-sidebar-layout":"no-sidebar","site-content-layout":"","ast-site-content-layout":"full-width-container","site-content-style":"default","site-sidebar-style":"default","ast-global-header-display":"","ast-banner-title-visibility":"","ast-main-header-display":"","ast-hfb-above-header-display":"","ast-hfb-below-header-display":"","ast-hfb-mobile-header-display":"","site-post-title":"disabled","ast-breadcrumbs-content":"","ast-featured-img":"disabled","footer-sml-layout":"","theme-transparent-header-meta":"","adv-header-id-meta":"","stick-header-meta":"","header-above-stick-meta":"","header-main-stick-meta":"","header-below-stick-meta":"","astra-migrate-meta-layouts":"default","ast-page-background-enabled":"default","ast-page-background-meta":{"desktop":{"background-color":"var(--ast-global-color-5)","background-image":"","background-repeat":"repeat","background-position":"center center","background-size":"auto","background-attachment":"scroll","background-type":"","background-media":"","overlay-type":"","overlay-color":"","overlay-opacity":"","overlay-gradient":""},"tablet":{"background-color":"","background-image":"","background-repeat":"repeat","background-position":"center center","background-size":"auto","background-attachment":"scroll","background-type":"","background-media":"","overlay-type":"","overlay-color":"","overlay-opacity":"","overlay-gradient":""},"mobile":{"background-color":"","background-image":"","background-repeat":"repeat","background-position":"center center","background-size":"auto","background-attachment":"scroll","background-type":"","background-media":"","overlay-type":"","overlay-color":"","overlay-opacity":"","overlay-gradient":""}},"ast-content-background-meta":{"desktop":{"background-color":"var(--ast-global-color-4)","background-image":"","background-repeat":"repeat","background-position":"center center","background-size":"auto","background-attachment":"scroll","background-type":"","background-media":"","overlay-type":"","overlay-color":"","overlay-opacity":"","overlay-gradient":""},"tablet":{"background-color":"var(--ast-global-color-4)","background-image":"","background-repeat":"repeat","background-position":"center center","background-size":"auto","background-attachment":"scroll","background-type":"","background-media":"","overlay-type":"","overlay-color":"","overlay-opacity":"","overlay-gradient":""},"mobile":{"background-color":"var(--ast-global-color-4)","background-image":"","background-repeat":"repeat","background-position":"center center","background-size":"auto","background-attachment":"scroll","background-type":"","background-media":"","overlay-type":"","overlay-color":"","overlay-opacity":"","overlay-gradient":""}},"footnotes":""},"class_list":["post-510","page","type-page","status-publish","hentry"],"_links":{"self":[{"href":"https:\/\/www.forlatamfoundation.org\/en\/wp-json\/wp\/v2\/pages\/510","targetHints":{"allow":["GET"]}}],"collection":[{"href":"https:\/\/www.forlatamfoundation.org\/en\/wp-json\/wp\/v2\/pages"}],"about":[{"href":"https:\/\/www.forlatamfoundation.org\/en\/wp-json\/wp\/v2\/types\/page"}],"author":[{"embeddable":true,"href":"https:\/\/www.forlatamfoundation.org\/en\/wp-json\/wp\/v2\/users\/1"}],"replies":[{"embeddable":true,"href":"https:\/\/www.forlatamfoundation.org\/en\/wp-json\/wp\/v2\/comments?post=510"}],"version-history":[{"count":7,"href":"https:\/\/www.forlatamfoundation.org\/en\/wp-json\/wp\/v2\/pages\/510\/revisions"}],"predecessor-version":[{"id":583,"href":"https:\/\/www.forlatamfoundation.org\/en\/wp-json\/wp\/v2\/pages\/510\/revisions\/583"}],"wp:attachment":[{"href":"https:\/\/www.forlatamfoundation.org\/en\/wp-json\/wp\/v2\/media?parent=510"}],"curies":[{"name":"wp","href":"https:\/\/api.w.org\/{rel}","templated":true}]}}