{"id":502,"date":"2025-08-27T15:21:42","date_gmt":"2025-08-27T18:21:42","guid":{"rendered":"http:\/\/s788992539.onlinehome.us\/forlatamfoundation\/?page_id=502"},"modified":"2025-08-27T15:56:10","modified_gmt":"2025-08-27T18:56:10","slug":"fundacion-la-morera","status":"publish","type":"page","link":"https:\/\/www.forlatamfoundation.org\/en\/fundacion-la-morera\/","title":{"rendered":"La Morera Foundation"},"content":{"rendered":"<div data-elementor-type=\"wp-page\" data-elementor-id=\"502\" class=\"elementor elementor-502\">\n\t\t\t\t<div class=\"elementor-element elementor-element-d74bb07 e-con-full e-flex e-con e-parent\" data-id=\"d74bb07\" data-element_type=\"container\" data-settings=\"{&quot;background_background&quot;:&quot;classic&quot;}\">\n\t\t\t\t<div class=\"elementor-element elementor-element-9835640 elementor-widget elementor-widget-image\" data-id=\"9835640\" data-element_type=\"widget\" data-widget_type=\"image.default\">\n\t\t\t\t\t\t\t\t\t\t\t\t\t\t\t<img fetchpriority=\"high\" decoding=\"async\" width=\"600\" height=\"600\" src=\"https:\/\/www.forlatamfoundation.org\/wp-content\/uploads\/2025\/08\/fundacion-lamorena-1.png\" class=\"attachment-large size-large wp-image-351\" alt=\"\" srcset=\"https:\/\/www.forlatamfoundation.org\/wp-content\/uploads\/2025\/08\/fundacion-lamorena-1.png 600w, https:\/\/www.forlatamfoundation.org\/wp-content\/uploads\/2025\/08\/fundacion-lamorena-1-300x300.png 300w, https:\/\/www.forlatamfoundation.org\/wp-content\/uploads\/2025\/08\/fundacion-lamorena-1-150x150.png 150w\" sizes=\"(max-width: 600px) 100vw, 600px\" \/>\t\t\t\t\t\t\t\t\t\t\t\t\t\t\t<\/div>\n\t\t\t\t<\/div>\n\t\t<div class=\"elementor-element elementor-element-76ce52d e-flex e-con-boxed e-con e-parent\" data-id=\"76ce52d\" data-element_type=\"container\" data-settings=\"{&quot;background_background&quot;:&quot;classic&quot;}\">\n\t\t\t\t\t<div class=\"e-con-inner\">\n\t\t\t\t<div class=\"elementor-element elementor-element-4548e8e elementor-widget__width-auto elementor-widget elementor-widget-heading\" data-id=\"4548e8e\" data-element_type=\"widget\" data-widget_type=\"heading.default\">\n\t\t\t\t\t<h2 class=\"elementor-heading-title elementor-size-default translation-block\">La Morera<br class=\"mobile-hidden\">\nFoundation<\/h2>\t\t\t\t<\/div>\n\t\t\t\t<div class=\"elementor-element elementor-element-703537a elementor-align-center elementor-widget__width-inherit elementor-widget elementor-widget-button\" data-id=\"703537a\" data-element_type=\"widget\" data-widget_type=\"button.default\">\n\t\t\t\t\t\t\t\t\t\t<a class=\"elementor-button elementor-button-link elementor-size-sm\" href=\"https:\/\/www.forlatamfoundation.org\/en\/donate-la-morera\/\">\n\t\t\t\t\t\t<span class=\"elementor-button-content-wrapper\">\n\t\t\t\t\t\t\t\t\t<span class=\"elementor-button-text\">DONATE<\/span>\n\t\t\t\t\t<\/span>\n\t\t\t\t\t<\/a>\n\t\t\t\t\t\t\t\t<\/div>\n\t\t\t\t\t<\/div>\n\t\t\t\t<\/div>\n\t\t<div class=\"elementor-element elementor-element-e76b2ed e-flex e-con-boxed e-con e-parent\" data-id=\"e76b2ed\" data-element_type=\"container\">\n\t\t\t\t\t<div class=\"e-con-inner\">\n\t\t\t\t<div class=\"elementor-element elementor-element-8f3a685 elementor-widget__width-initial elementor-widget elementor-widget-text-editor\" data-id=\"8f3a685\" data-element_type=\"widget\" data-widget_type=\"text-editor.default\">\n\t\t\t\t\t\t\t\t\t<p class=\"font_2 wixui-rich-text__text\"><span class=\"wixui-rich-text__text\">The educational cultural space\u00a0<strong>La Morera<\/strong>\u00a0holds cultural workshops on photography, music and dance and provides educational support and a play center. It\u2019s a space where processes of democratic coexistence and group solidarity are strengthened. Such activities, which are accompanied by breakfast or snacks, are coordinated with provincial programs for the promotion of rights and prevention of addictions developed by the foundation: Programa Casas Abiertas, Programa de Prevenci\u00f3n Territorial, Programa O.G.A., and with the Extension Secretary of the Provincial University of Cordoba.<\/span><\/p><p class=\"font_2 wixui-rich-text__text\"><br class=\"wixui-rich-text__text\" \/><span class=\"wixui-rich-text__text\"><strong>La Morera Foundation<\/strong>\u00a0is an independent non-profit organization that works on cultural participation, promotion of rights and social inclusion. We develop therapeutic cultural educational processes that enable learning experiences, democratic coexistence, and well-being.<\/span><\/p><p class=\"font_8 wixui-rich-text__text\"><span class=\"wixui-rich-text__text\"><span class=\"wixGuard wixui-rich-text__text\">\u200b<\/span><\/span><\/p><p class=\"font_8 wixui-rich-text__text\"><span class=\"wixui-rich-text__text\">For more information, go to the MORERA Foundation by\u00a0<a class=\"wixui-rich-text__text\" href=\"http:\/\/www.fundacionlamorera.org.ar\/\" target=\"_blank\" rel=\"noreferrer noopener\">CLICKING HERE<\/a><\/span><span class=\"wixui-rich-text__text\">.<\/span><\/p>\t\t\t\t\t\t\t\t<\/div>\n\t\t\t\t<div class=\"elementor-element elementor-element-8081c4d elementor-align-center elementor-widget__width-inherit elementor-widget elementor-widget-button\" data-id=\"8081c4d\" data-element_type=\"widget\" data-widget_type=\"button.default\">\n\t\t\t\t\t\t\t\t\t\t<a class=\"elementor-button elementor-button-link elementor-size-sm\" href=\"https:\/\/www.forlatamfoundation.org\/en\/donate-la-morera\/\">\n\t\t\t\t\t\t<span class=\"elementor-button-content-wrapper\">\n\t\t\t\t\t\t\t\t\t<span class=\"elementor-button-text\">DONATE<\/span>\n\t\t\t\t\t<\/span>\n\t\t\t\t\t<\/a>\n\t\t\t\t\t\t\t\t<\/div>\n\t\t\t\t\t<\/div>\n\t\t\t\t<\/div>\n\t\t\t\t<\/div>","protected":false},"excerpt":{"rendered":"<p>Fundaci\u00f3n La Morera DONAR El Espacio Cultural Educativo\u00a0La Morera\u00a0desarrolla talleres culturales de fotograf\u00eda, m\u00fasica y danza, acompa\u00f1amiento educativo y ludoteca. [&hellip;]<\/p>","protected":false},"author":1,"featured_media":0,"parent":0,"menu_order":0,"comment_status":"closed","ping_status":"closed","template":"","meta":{"site-sidebar-layout":"no-sidebar","site-content-layout":"","ast-site-content-layout":"full-width-container","site-content-style":"default","site-sidebar-style":"default","ast-global-header-display":"","ast-banner-title-visibility":"","ast-main-header-display":"","ast-hfb-above-header-display":"","ast-hfb-below-header-display":"","ast-hfb-mobile-header-display":"","site-post-title":"disabled","ast-breadcrumbs-content":"","ast-featured-img":"disabled","footer-sml-layout":"","theme-transparent-header-meta":"","adv-header-id-meta":"","stick-header-meta":"","header-above-stick-meta":"","header-main-stick-meta":"","header-below-stick-meta":"","astra-migrate-meta-layouts":"default","ast-page-background-enabled":"default","ast-page-background-meta":{"desktop":{"background-color":"var(--ast-global-color-5)","background-image":"","background-repeat":"repeat","background-position":"center center","background-size":"auto","background-attachment":"scroll","background-type":"","background-media":"","overlay-type":"","overlay-color":"","overlay-opacity":"","overlay-gradient":""},"tablet":{"background-color":"","background-image":"","background-repeat":"repeat","background-position":"center center","background-size":"auto","background-attachment":"scroll","background-type":"","background-media":"","overlay-type":"","overlay-color":"","overlay-opacity":"","overlay-gradient":""},"mobile":{"background-color":"","background-image":"","background-repeat":"repeat","background-position":"center center","background-size":"auto","background-attachment":"scroll","background-type":"","background-media":"","overlay-type":"","overlay-color":"","overlay-opacity":"","overlay-gradient":""}},"ast-content-background-meta":{"desktop":{"background-color":"var(--ast-global-color-4)","background-image":"","background-repeat":"repeat","background-position":"center center","background-size":"auto","background-attachment":"scroll","background-type":"","background-media":"","overlay-type":"","overlay-color":"","overlay-opacity":"","overlay-gradient":""},"tablet":{"background-color":"var(--ast-global-color-4)","background-image":"","background-repeat":"repeat","background-position":"center center","background-size":"auto","background-attachment":"scroll","background-type":"","background-media":"","overlay-type":"","overlay-color":"","overlay-opacity":"","overlay-gradient":""},"mobile":{"background-color":"var(--ast-global-color-4)","background-image":"","background-repeat":"repeat","background-position":"center center","background-size":"auto","background-attachment":"scroll","background-type":"","background-media":"","overlay-type":"","overlay-color":"","overlay-opacity":"","overlay-gradient":""}},"footnotes":""},"class_list":["post-502","page","type-page","status-publish","hentry"],"_links":{"self":[{"href":"https:\/\/www.forlatamfoundation.org\/en\/wp-json\/wp\/v2\/pages\/502","targetHints":{"allow":["GET"]}}],"collection":[{"href":"https:\/\/www.forlatamfoundation.org\/en\/wp-json\/wp\/v2\/pages"}],"about":[{"href":"https:\/\/www.forlatamfoundation.org\/en\/wp-json\/wp\/v2\/types\/page"}],"author":[{"embeddable":true,"href":"https:\/\/www.forlatamfoundation.org\/en\/wp-json\/wp\/v2\/users\/1"}],"replies":[{"embeddable":true,"href":"https:\/\/www.forlatamfoundation.org\/en\/wp-json\/wp\/v2\/comments?post=502"}],"version-history":[{"count":10,"href":"https:\/\/www.forlatamfoundation.org\/en\/wp-json\/wp\/v2\/pages\/502\/revisions"}],"predecessor-version":[{"id":580,"href":"https:\/\/www.forlatamfoundation.org\/en\/wp-json\/wp\/v2\/pages\/502\/revisions\/580"}],"wp:attachment":[{"href":"https:\/\/www.forlatamfoundation.org\/en\/wp-json\/wp\/v2\/media?parent=502"}],"curies":[{"name":"wp","href":"https:\/\/api.w.org\/{rel}","templated":true}]}}