{"id":382,"date":"2025-08-26T21:03:53","date_gmt":"2025-08-27T00:03:53","guid":{"rendered":"http:\/\/s788992539.onlinehome.us\/forlatamfoundation\/?page_id=382"},"modified":"2025-08-28T22:24:07","modified_gmt":"2025-08-29T01:24:07","slug":"donate","status":"publish","type":"page","link":"https:\/\/www.forlatamfoundation.org\/en\/donate\/","title":{"rendered":"Donate"},"content":{"rendered":"<div data-elementor-type=\"wp-page\" data-elementor-id=\"382\" class=\"elementor elementor-382\">\n\t\t\t\t<div class=\"elementor-element elementor-element-cef0a23 e-flex e-con-boxed e-con e-parent\" data-id=\"cef0a23\" data-element_type=\"container\">\n\t\t\t\t\t<div class=\"e-con-inner\">\n\t\t\t\t<div class=\"elementor-element elementor-element-96cf9a7 elementor-widget__width-initial elementor-widget elementor-widget-heading\" data-id=\"96cf9a7\" data-element_type=\"widget\" data-widget_type=\"heading.default\">\n\t\t\t\t\t<p class=\"elementor-heading-title elementor-size-default\">WE THANK YOU FOR YOUR DONATION<\/p>\t\t\t\t<\/div>\n\t\t\t\t\t<\/div>\n\t\t\t\t<\/div>\n\t\t<div class=\"elementor-element elementor-element-f38a03a e-flex e-con-boxed e-con e-parent\" data-id=\"f38a03a\" data-element_type=\"container\">\n\t\t\t\t\t<div class=\"e-con-inner\">\n\t\t<div class=\"elementor-element elementor-element-2758de0 e-con-full e-flex e-con e-child\" data-id=\"2758de0\" data-element_type=\"container\" data-settings=\"{&quot;background_background&quot;:&quot;classic&quot;}\">\n\t\t<div class=\"elementor-element elementor-element-b581e6a e-con-full e-flex e-con e-child\" data-id=\"b581e6a\" data-element_type=\"container\">\n\t\t<div class=\"elementor-element elementor-element-e04864e e-con-full e-flex e-con e-child\" data-id=\"e04864e\" data-element_type=\"container\">\n\t\t\t\t<div class=\"elementor-element elementor-element-698fae7 elementor-widget elementor-widget-image\" data-id=\"698fae7\" data-element_type=\"widget\" data-widget_type=\"image.default\">\n\t\t\t\t\t\t\t\t\t\t\t\t\t\t\t<img fetchpriority=\"high\" decoding=\"async\" width=\"257\" height=\"257\" src=\"https:\/\/www.forlatamfoundation.org\/wp-content\/uploads\/2025\/08\/FundacionSI.jpg\" class=\"attachment-large size-large wp-image-349\" alt=\"\" srcset=\"https:\/\/www.forlatamfoundation.org\/wp-content\/uploads\/2025\/08\/FundacionSI.jpg 257w, https:\/\/www.forlatamfoundation.org\/wp-content\/uploads\/2025\/08\/FundacionSI-150x150.jpg 150w\" sizes=\"(max-width: 257px) 100vw, 257px\" \/>\t\t\t\t\t\t\t\t\t\t\t\t\t\t\t<\/div>\n\t\t\t\t<div class=\"elementor-element elementor-element-2f8a714 elementor-widget__width-inherit elementor-widget elementor-widget-heading\" data-id=\"2f8a714\" data-element_type=\"widget\" data-widget_type=\"heading.default\">\n\t\t\t\t\t<p class=\"elementor-heading-title elementor-size-default translation-block\">SI<br class=\"mobile-hidden\">\nFoundation<\/p>\t\t\t\t<\/div>\n\t\t\t\t<\/div>\n\t\t\t\t<\/div>\n\t\t\t\t<div class=\"elementor-element elementor-element-0c4f049 elementor-align-center elementor-widget__width-inherit elementor-widget elementor-widget-button\" data-id=\"0c4f049\" data-element_type=\"widget\" data-widget_type=\"button.default\">\n\t\t\t\t\t\t\t\t\t\t<a class=\"elementor-button elementor-button-link elementor-size-sm\" href=\"https:\/\/www.forlatamfoundation.org\/en\/donate-si\/\">\n\t\t\t\t\t\t<span class=\"elementor-button-content-wrapper\">\n\t\t\t\t\t\t\t\t\t<span class=\"elementor-button-text\">DONATE<\/span>\n\t\t\t\t\t<\/span>\n\t\t\t\t\t<\/a>\n\t\t\t\t\t\t\t\t<\/div>\n\t\t\t\t<\/div>\n\t\t<div class=\"elementor-element elementor-element-1b817c6 e-con-full e-flex e-con e-child\" data-id=\"1b817c6\" data-element_type=\"container\" data-settings=\"{&quot;background_background&quot;:&quot;classic&quot;}\">\n\t\t<div class=\"elementor-element elementor-element-b89ced3 e-con-full e-flex e-con e-child\" data-id=\"b89ced3\" data-element_type=\"container\">\n\t\t<div class=\"elementor-element elementor-element-d5fd20e e-con-full e-flex e-con e-child\" data-id=\"d5fd20e\" data-element_type=\"container\">\n\t\t\t\t<div class=\"elementor-element elementor-element-2474109 elementor-widget elementor-widget-image\" data-id=\"2474109\" data-element_type=\"widget\" data-widget_type=\"image.default\">\n\t\t\t\t\t\t\t\t\t\t\t\t\t\t\t<img decoding=\"async\" width=\"364\" height=\"363\" src=\"https:\/\/www.forlatamfoundation.org\/wp-content\/uploads\/2025\/08\/sonrisas-2.png\" class=\"attachment-large size-large wp-image-37\" alt=\"\" srcset=\"https:\/\/www.forlatamfoundation.org\/wp-content\/uploads\/2025\/08\/sonrisas-2.png 364w, https:\/\/www.forlatamfoundation.org\/wp-content\/uploads\/2025\/08\/sonrisas-2-300x300.png 300w, https:\/\/www.forlatamfoundation.org\/wp-content\/uploads\/2025\/08\/sonrisas-2-150x150.png 150w\" sizes=\"(max-width: 364px) 100vw, 364px\" \/>\t\t\t\t\t\t\t\t\t\t\t\t\t\t\t<\/div>\n\t\t\t\t<div class=\"elementor-element elementor-element-01c56de elementor-widget__width-inherit elementor-widget elementor-widget-heading\" data-id=\"01c56de\" data-element_type=\"widget\" data-widget_type=\"heading.default\">\n\t\t\t\t\t<p class=\"elementor-heading-title elementor-size-default translation-block\">SonRisas<br class=\"mobile-hidden\">\nFoundation<\/p>\t\t\t\t<\/div>\n\t\t\t\t<\/div>\n\t\t\t\t<\/div>\n\t\t\t\t<div class=\"elementor-element elementor-element-7a6b0d8 elementor-align-center elementor-widget__width-inherit elementor-widget elementor-widget-button\" data-id=\"7a6b0d8\" data-element_type=\"widget\" data-widget_type=\"button.default\">\n\t\t\t\t\t\t\t\t\t\t<a class=\"elementor-button elementor-button-link elementor-size-sm\" href=\"https:\/\/www.forlatamfoundation.org\/en\/donate-sonrisas\/\">\n\t\t\t\t\t\t<span class=\"elementor-button-content-wrapper\">\n\t\t\t\t\t\t\t\t\t<span class=\"elementor-button-text\">DONATE<\/span>\n\t\t\t\t\t<\/span>\n\t\t\t\t\t<\/a>\n\t\t\t\t\t\t\t\t<\/div>\n\t\t\t\t<\/div>\n\t\t<div class=\"elementor-element elementor-element-8940e92 e-con-full e-flex e-con e-child\" data-id=\"8940e92\" data-element_type=\"container\" data-settings=\"{&quot;background_background&quot;:&quot;classic&quot;}\">\n\t\t<div class=\"elementor-element elementor-element-beaab00 e-con-full e-flex e-con e-child\" data-id=\"beaab00\" data-element_type=\"container\">\n\t\t<div class=\"elementor-element elementor-element-fca5ef9 e-con-full e-flex e-con e-child\" data-id=\"fca5ef9\" data-element_type=\"container\">\n\t\t\t\t<div class=\"elementor-element elementor-element-aa713bd elementor-widget elementor-widget-image\" data-id=\"aa713bd\" data-element_type=\"widget\" data-widget_type=\"image.default\">\n\t\t\t\t\t\t\t\t\t\t\t\t\t\t\t<img decoding=\"async\" width=\"600\" height=\"600\" src=\"https:\/\/www.forlatamfoundation.org\/wp-content\/uploads\/2025\/08\/fundacion-lamorena-1.png\" class=\"attachment-large size-large wp-image-351\" alt=\"\" srcset=\"https:\/\/www.forlatamfoundation.org\/wp-content\/uploads\/2025\/08\/fundacion-lamorena-1.png 600w, https:\/\/www.forlatamfoundation.org\/wp-content\/uploads\/2025\/08\/fundacion-lamorena-1-300x300.png 300w, https:\/\/www.forlatamfoundation.org\/wp-content\/uploads\/2025\/08\/fundacion-lamorena-1-150x150.png 150w\" sizes=\"(max-width: 600px) 100vw, 600px\" \/>\t\t\t\t\t\t\t\t\t\t\t\t\t\t\t<\/div>\n\t\t\t\t<div class=\"elementor-element elementor-element-b2f6b1c elementor-widget__width-inherit elementor-widget elementor-widget-heading\" data-id=\"b2f6b1c\" data-element_type=\"widget\" data-widget_type=\"heading.default\">\n\t\t\t\t\t<p class=\"elementor-heading-title elementor-size-default translation-block\">La Morera<br class=\"mobile-hidden\">\nFoundation<\/p>\t\t\t\t<\/div>\n\t\t\t\t<\/div>\n\t\t\t\t<\/div>\n\t\t\t\t<div class=\"elementor-element elementor-element-2e28360 elementor-align-center elementor-widget__width-inherit elementor-widget elementor-widget-button\" data-id=\"2e28360\" data-element_type=\"widget\" data-widget_type=\"button.default\">\n\t\t\t\t\t\t\t\t\t\t<a class=\"elementor-button elementor-button-link elementor-size-sm\" href=\"https:\/\/www.forlatamfoundation.org\/en\/donate-la-morera\/\">\n\t\t\t\t\t\t<span class=\"elementor-button-content-wrapper\">\n\t\t\t\t\t\t\t\t\t<span class=\"elementor-button-text\">DONATE<\/span>\n\t\t\t\t\t<\/span>\n\t\t\t\t\t<\/a>\n\t\t\t\t\t\t\t\t<\/div>\n\t\t\t\t<\/div>\n\t\t<div class=\"elementor-element elementor-element-3bcf3aa e-con-full e-flex e-con e-child\" data-id=\"3bcf3aa\" data-element_type=\"container\" data-settings=\"{&quot;background_background&quot;:&quot;classic&quot;}\">\n\t\t<div class=\"elementor-element elementor-element-e5a80f5 e-con-full e-flex e-con e-child\" data-id=\"e5a80f5\" data-element_type=\"container\">\n\t\t<div class=\"elementor-element elementor-element-304a3fd e-con-full e-flex e-con e-child\" data-id=\"304a3fd\" data-element_type=\"container\">\n\t\t\t\t<div class=\"elementor-element elementor-element-e09f266 elementor-widget elementor-widget-image\" data-id=\"e09f266\" data-element_type=\"widget\" data-widget_type=\"image.default\">\n\t\t\t\t\t\t\t\t\t\t\t\t\t\t\t<img loading=\"lazy\" decoding=\"async\" width=\"600\" height=\"600\" src=\"https:\/\/www.forlatamfoundation.org\/wp-content\/uploads\/2025\/08\/FundacionManu.png\" class=\"attachment-large size-large wp-image-353\" alt=\"\" srcset=\"https:\/\/www.forlatamfoundation.org\/wp-content\/uploads\/2025\/08\/FundacionManu.png 600w, https:\/\/www.forlatamfoundation.org\/wp-content\/uploads\/2025\/08\/FundacionManu-300x300.png 300w, https:\/\/www.forlatamfoundation.org\/wp-content\/uploads\/2025\/08\/FundacionManu-150x150.png 150w\" sizes=\"(max-width: 600px) 100vw, 600px\" \/>\t\t\t\t\t\t\t\t\t\t\t\t\t\t\t<\/div>\n\t\t\t\t<div class=\"elementor-element elementor-element-5d5b751 elementor-widget__width-inherit elementor-widget elementor-widget-heading\" data-id=\"5d5b751\" data-element_type=\"widget\" data-widget_type=\"heading.default\">\n\t\t\t\t\t<p class=\"elementor-heading-title elementor-size-default translation-block\">Manu Ginobili<br class=\"mobile-hidden\">\nFoundation<\/p>\t\t\t\t<\/div>\n\t\t\t\t<\/div>\n\t\t\t\t<\/div>\n\t\t\t\t<div class=\"elementor-element elementor-element-a0061cf elementor-align-center elementor-widget__width-inherit elementor-widget elementor-widget-button\" data-id=\"a0061cf\" data-element_type=\"widget\" data-widget_type=\"button.default\">\n\t\t\t\t\t\t\t\t\t\t<a class=\"elementor-button elementor-button-link elementor-size-sm\" href=\"https:\/\/www.forlatamfoundation.org\/en\/donate-manu-ginobili\/\">\n\t\t\t\t\t\t<span class=\"elementor-button-content-wrapper\">\n\t\t\t\t\t\t\t\t\t<span class=\"elementor-button-text\">DONATE<\/span>\n\t\t\t\t\t<\/span>\n\t\t\t\t\t<\/a>\n\t\t\t\t\t\t\t\t<\/div>\n\t\t\t\t<\/div>\n\t\t<div class=\"elementor-element elementor-element-783e8f2 e-con-full e-flex e-con e-child\" data-id=\"783e8f2\" data-element_type=\"container\" data-settings=\"{&quot;background_background&quot;:&quot;classic&quot;}\">\n\t\t<div class=\"elementor-element elementor-element-b6770a3 e-con-full e-flex e-con e-child\" data-id=\"b6770a3\" data-element_type=\"container\">\n\t\t<div class=\"elementor-element elementor-element-a15054d e-con-full e-flex e-con e-child\" data-id=\"a15054d\" data-element_type=\"container\">\n\t\t\t\t<div class=\"elementor-element elementor-element-28229fe elementor-widget elementor-widget-image\" data-id=\"28229fe\" data-element_type=\"widget\" data-widget_type=\"image.default\">\n\t\t\t\t\t\t\t\t\t\t\t\t\t\t\t<img loading=\"lazy\" decoding=\"async\" width=\"950\" height=\"950\" src=\"https:\/\/www.forlatamfoundation.org\/wp-content\/uploads\/2025\/08\/CentroUnion.png\" class=\"attachment-large size-large wp-image-598\" alt=\"\" srcset=\"https:\/\/www.forlatamfoundation.org\/wp-content\/uploads\/2025\/08\/CentroUnion.png 950w, https:\/\/www.forlatamfoundation.org\/wp-content\/uploads\/2025\/08\/CentroUnion-300x300.png 300w, https:\/\/www.forlatamfoundation.org\/wp-content\/uploads\/2025\/08\/CentroUnion-150x150.png 150w, https:\/\/www.forlatamfoundation.org\/wp-content\/uploads\/2025\/08\/CentroUnion-768x768.png 768w\" sizes=\"(max-width: 950px) 100vw, 950px\" \/>\t\t\t\t\t\t\t\t\t\t\t\t\t\t\t<\/div>\n\t\t\t\t<div class=\"elementor-element elementor-element-516071e elementor-widget__width-inherit elementor-widget elementor-widget-heading\" data-id=\"516071e\" data-element_type=\"widget\" data-widget_type=\"heading.default\">\n\t\t\t\t\t<p class=\"elementor-heading-title elementor-size-default\">Centro Union<br class=\"mobile-hidden\">\nIsraelita<\/p>\t\t\t\t<\/div>\n\t\t\t\t<\/div>\n\t\t\t\t<\/div>\n\t\t\t\t<div class=\"elementor-element elementor-element-cd14cb4 elementor-align-center elementor-widget__width-inherit elementor-widget elementor-widget-button\" data-id=\"cd14cb4\" data-element_type=\"widget\" data-widget_type=\"button.default\">\n\t\t\t\t\t\t\t\t\t\t<a class=\"elementor-button elementor-button-link elementor-size-sm\" href=\"https:\/\/www.forlatamfoundation.org\/en\/donate-centro-union\/\">\n\t\t\t\t\t\t<span class=\"elementor-button-content-wrapper\">\n\t\t\t\t\t\t\t\t\t<span class=\"elementor-button-text\">DONATE<\/span>\n\t\t\t\t\t<\/span>\n\t\t\t\t\t<\/a>\n\t\t\t\t\t\t\t\t<\/div>\n\t\t\t\t<\/div>\n\t\t\t\t\t<\/div>\n\t\t\t\t<\/div>\n\t\t<div class=\"elementor-element elementor-element-6589c89 e-flex e-con-boxed e-con e-parent\" data-id=\"6589c89\" data-element_type=\"container\">\n\t\t\t\t\t<div class=\"e-con-inner\">\n\t\t\t\t<div class=\"elementor-element elementor-element-fff14df elementor-widget elementor-widget-html\" data-id=\"fff14df\" data-element_type=\"widget\" data-widget_type=\"html.default\">\n\t\t\t\t\t<style>\n    @media only screen and (max-width: 767px) {\n        .mobile-hidden {\n            display: none !important;\n        }\n    }\n<\/style>\t\t\t\t<\/div>\n\t\t\t\t\t<\/div>\n\t\t\t\t<\/div>\n\t\t\t\t<\/div>","protected":false},"excerpt":{"rendered":"<p>AGRADECEMOS TU DONACI\u00d3N Fundaci\u00f3n Si DONAR Fundaci\u00f3n SonRisas DONAR Fundaci\u00f3n La Morera DONAR Fundaci\u00f3n Manu Gin\u00f3bili DONAR Centro Uni\u00f3n Israelita [&hellip;]<\/p>","protected":false},"author":1,"featured_media":0,"parent":0,"menu_order":0,"comment_status":"closed","ping_status":"closed","template":"","meta":{"site-sidebar-layout":"no-sidebar","site-content-layout":"","ast-site-content-layout":"full-width-container","site-content-style":"default","site-sidebar-style":"default","ast-global-header-display":"","ast-banner-title-visibility":"","ast-main-header-display":"","ast-hfb-above-header-display":"","ast-hfb-below-header-display":"","ast-hfb-mobile-header-display":"","site-post-title":"disabled","ast-breadcrumbs-content":"","ast-featured-img":"disabled","footer-sml-layout":"","theme-transparent-header-meta":"","adv-header-id-meta":"","stick-header-meta":"","header-above-stick-meta":"","header-main-stick-meta":"","header-below-stick-meta":"","astra-migrate-meta-layouts":"default","ast-page-background-enabled":"default","ast-page-background-meta":{"desktop":{"background-color":"var(--ast-global-color-5)","background-image":"","background-repeat":"repeat","background-position":"center center","background-size":"auto","background-attachment":"scroll","background-type":"","background-media":"","overlay-type":"","overlay-color":"","overlay-opacity":"","overlay-gradient":""},"tablet":{"background-color":"","background-image":"","background-repeat":"repeat","background-position":"center center","background-size":"auto","background-attachment":"scroll","background-type":"","background-media":"","overlay-type":"","overlay-color":"","overlay-opacity":"","overlay-gradient":""},"mobile":{"background-color":"","background-image":"","background-repeat":"repeat","background-position":"center center","background-size":"auto","background-attachment":"scroll","background-type":"","background-media":"","overlay-type":"","overlay-color":"","overlay-opacity":"","overlay-gradient":""}},"ast-content-background-meta":{"desktop":{"background-color":"var(--ast-global-color-4)","background-image":"","background-repeat":"repeat","background-position":"center center","background-size":"auto","background-attachment":"scroll","background-type":"","background-media":"","overlay-type":"","overlay-color":"","overlay-opacity":"","overlay-gradient":""},"tablet":{"background-color":"var(--ast-global-color-4)","background-image":"","background-repeat":"repeat","background-position":"center center","background-size":"auto","background-attachment":"scroll","background-type":"","background-media":"","overlay-type":"","overlay-color":"","overlay-opacity":"","overlay-gradient":""},"mobile":{"background-color":"var(--ast-global-color-4)","background-image":"","background-repeat":"repeat","background-position":"center center","background-size":"auto","background-attachment":"scroll","background-type":"","background-media":"","overlay-type":"","overlay-color":"","overlay-opacity":"","overlay-gradient":""}},"footnotes":""},"class_list":["post-382","page","type-page","status-publish","hentry"],"_links":{"self":[{"href":"https:\/\/www.forlatamfoundation.org\/en\/wp-json\/wp\/v2\/pages\/382","targetHints":{"allow":["GET"]}}],"collection":[{"href":"https:\/\/www.forlatamfoundation.org\/en\/wp-json\/wp\/v2\/pages"}],"about":[{"href":"https:\/\/www.forlatamfoundation.org\/en\/wp-json\/wp\/v2\/types\/page"}],"author":[{"embeddable":true,"href":"https:\/\/www.forlatamfoundation.org\/en\/wp-json\/wp\/v2\/users\/1"}],"replies":[{"embeddable":true,"href":"https:\/\/www.forlatamfoundation.org\/en\/wp-json\/wp\/v2\/comments?post=382"}],"version-history":[{"count":37,"href":"https:\/\/www.forlatamfoundation.org\/en\/wp-json\/wp\/v2\/pages\/382\/revisions"}],"predecessor-version":[{"id":736,"href":"https:\/\/www.forlatamfoundation.org\/en\/wp-json\/wp\/v2\/pages\/382\/revisions\/736"}],"wp:attachment":[{"href":"https:\/\/www.forlatamfoundation.org\/en\/wp-json\/wp\/v2\/media?parent=382"}],"curies":[{"name":"wp","href":"https:\/\/api.w.org\/{rel}","templated":true}]}}